{"id":1538,"date":"2022-07-26T09:17:15","date_gmt":"2022-07-26T09:17:15","guid":{"rendered":"http:\/\/schellerupgaard.dk\/?page_id=1538"},"modified":"2024-12-04T10:09:29","modified_gmt":"2024-12-04T09:09:29","slug":"om-os","status":"publish","type":"page","link":"https:\/\/schellerupgaard.dk\/en\/om-os\/","title":{"rendered":"About us"},"content":{"rendered":"<div data-elementor-type=\"wp-page\" data-elementor-id=\"1538\" class=\"elementor elementor-1538\">\n\t\t\t\t\t\t<section class=\"elementor-section elementor-top-section elementor-element elementor-element-9d655b7 elementor-section-height-min-height elementor-section-boxed elementor-section-height-default elementor-section-items-middle\" data-id=\"9d655b7\" data-element_type=\"section\" data-settings=\"{&quot;background_background&quot;:&quot;classic&quot;}\">\n\t\t\t\t\t\t\t<div class=\"elementor-background-overlay\"><\/div>\n\t\t\t\t\t\t\t<div class=\"elementor-container elementor-column-gap-no\">\n\t\t\t\t\t<div class=\"elementor-column elementor-col-100 elementor-top-column elementor-element elementor-element-5ddc260\" data-id=\"5ddc260\" data-element_type=\"column\">\n\t\t\t<div class=\"elementor-widget-wrap elementor-element-populated\">\n\t\t\t\t\t\t<div class=\"elementor-element elementor-element-3531f3e elementor-widget elementor-widget-heading\" data-id=\"3531f3e\" data-element_type=\"widget\" data-widget_type=\"heading.default\">\n\t\t\t\t<div class=\"elementor-widget-container\">\n\t\t\t\t\t<h1 class=\"elementor-heading-title elementor-size-default\">About us<\/h1>\t\t\t\t<\/div>\n\t\t\t\t<\/div>\n\t\t\t\t\t<\/div>\n\t\t<\/div>\n\t\t\t\t\t<\/div>\n\t\t<\/section>\n\t\t\t\t<section class=\"elementor-section elementor-top-section elementor-element elementor-element-c8335c0 elementor-section-boxed elementor-section-height-default elementor-section-height-default\" data-id=\"c8335c0\" data-element_type=\"section\" data-settings=\"{&quot;background_background&quot;:&quot;classic&quot;}\">\n\t\t\t\t\t\t\t<div class=\"elementor-background-overlay\"><\/div>\n\t\t\t\t\t\t\t<div class=\"elementor-container elementor-column-gap-no\">\n\t\t\t\t\t<div class=\"elementor-column elementor-col-100 elementor-top-column elementor-element elementor-element-b1afe7d\" data-id=\"b1afe7d\" data-element_type=\"column\">\n\t\t\t<div class=\"elementor-widget-wrap elementor-element-populated\">\n\t\t\t\t\t\t<div class=\"elementor-element elementor-element-e261eb9 elementor-widget elementor-widget-heading\" data-id=\"e261eb9\" data-element_type=\"widget\" data-widget_type=\"heading.default\">\n\t\t\t\t<div class=\"elementor-widget-container\">\n\t\t\t\t\t<h2 class=\"elementor-heading-title elementor-size-default\">Our Family<\/h2>\t\t\t\t<\/div>\n\t\t\t\t<\/div>\n\t\t\t\t<div class=\"elementor-element elementor-element-4ca11a3 elementor-widget-divider--view-line elementor-widget elementor-widget-divider\" data-id=\"4ca11a3\" data-element_type=\"widget\" data-widget_type=\"divider.default\">\n\t\t\t\t<div class=\"elementor-widget-container\">\n\t\t\t\t\t\t\t<div class=\"elementor-divider\">\n\t\t\t<span class=\"elementor-divider-separator\">\n\t\t\t\t\t\t<\/span>\n\t\t<\/div>\n\t\t\t\t\t\t<\/div>\n\t\t\t\t<\/div>\n\t\t\t\t<div class=\"elementor-element elementor-element-da1196e elementor-widget elementor-widget-text-editor\" data-id=\"da1196e\" data-element_type=\"widget\" data-widget_type=\"text-editor.default\">\n\t\t\t\t<div class=\"elementor-widget-container\">\n\t\t\t\t\t\t\t\t\t<p>The farm got its name when we moved to the farm. \"Schellerup\" is Charlotte's grandmother's old maiden name. She was born in Thisted in 1925, and she was much loved. That is why both we and the farm have been named after her.<\/p>\n<p>We are a young couple in our mid-30s with two little princesses.<\/p>\n<p>We met each other in Copenhagen back in 2013, where our first date was on a sports climbing wall. We are a very dynamic couple, full of energy. We are always super active, creative and we are a very executing couple. We complement each other well in our individual strengths, skills and interests. We are good at supporting each other in our dreams as well as the small and big dilemmas and choices of everyday life.<\/p>\n<p>After 9 years in Copenhagen, we decided to pull the plug and go on new adventures in central Jutland. We agreed when we got married that we would make three radical life changes in our life. Moving from Copenhagen to Jutland was the first big adventure. With no family for miles around, we said goodbye to our city life in the big city, to start a new one on the countryside.&nbsp;<\/p>\n<p>We embrace a changeable environment filled with opportunities and energy. We love it, we love our farm, and we love each other and our two small princesses.<\/p>\n<p>Our oldest princess is called Sif, who is named after Thor's wife from Norse mythology with her long beautiful golden hair. Sif is a lively girl, unbelievably curious, who really wants to say hello, although she often gets a bit silly and shy in situations. Sif turned 5 years old in May 2023, and has her daily routine upstairs in the local kindergarten, Tofteg\u00e5rden, in the \"B\u00f8llerne\" living room, which one must say suits her behavior and mind extremely well<\/p>\n<p>Lily is our youngest daughter, who turned 3 years in July 2023. A lovely little girl with big round apple cheeks and a twinkle in her eyes. In fact, she is quite a sneaky little bandit, but her looks and smile oftens gets her the benefit of the doubt. Lily has a high energy level and not to forget temperament. With her courage, heights, jumps, swings and everything are explored running. She also loves to be outside and play.<\/p>\n<p>Together with the family we also have Karla, Walther and Sander.<\/p>\n<p>Karla is our oldest cat - she is a real diva cat as well as a real breed cat - a Burmese race. She is often \"bald\" in the summer (due to a haircut), and a big and fluffy during the winter time.<\/p>\n<p>Walther is our second cat. Named after the mascot for a festival in a nearby city called Skanderborg. Walther is a very ordinary grey-striped farm cat. Funny enough, he would rather be inside, and leaves Karla to catch mice and birds.<\/p>\n<p>Sander is the youngest in the family. He's almost 2 years old. He is an Australian Shepherd dog, and you can hardly avoid meeting him. He has become huge for his breed, and can therefore appear a bit clumsy when he comes running at full speed to say hi. Having said that, he has the biggest heart both in relation to other animals, children and guests.<\/p>\n<p>Turn my back on him if I don't want to say hi. And let us know if you don't like dogs, so we can take extra care when staying with us&nbsp;<\/p>\n<p><\/p>\t\t\t\t\t\t\t\t<\/div>\n\t\t\t\t<\/div>\n\t\t\t\t<div class=\"elementor-element elementor-element-d1d54cc elementor-widget elementor-widget-image\" data-id=\"d1d54cc\" data-element_type=\"widget\" data-widget_type=\"image.default\">\n\t\t\t\t<div class=\"elementor-widget-container\">\n\t\t\t\t\t\t\t\t\t\t\t\t\t\t\t<img fetchpriority=\"high\" decoding=\"async\" width=\"1500\" height=\"1500\" src=\"https:\/\/schellerupgaard.dk\/wp-content\/uploads\/2023\/06\/Fam.png\" class=\"attachment-2048x2048 size-2048x2048 wp-image-2919\" alt=\"Familie\" srcset=\"https:\/\/schellerupgaard.dk\/wp-content\/uploads\/2023\/06\/Fam.png 1500w, https:\/\/schellerupgaard.dk\/wp-content\/uploads\/2023\/06\/Fam-300x300.png 300w, https:\/\/schellerupgaard.dk\/wp-content\/uploads\/2023\/06\/Fam-1024x1024.png 1024w, https:\/\/schellerupgaard.dk\/wp-content\/uploads\/2023\/06\/Fam-150x150.png 150w, https:\/\/schellerupgaard.dk\/wp-content\/uploads\/2023\/06\/Fam-768x768.png 768w, https:\/\/schellerupgaard.dk\/wp-content\/uploads\/2023\/06\/Fam-12x12.png 12w\" sizes=\"(max-width: 1500px) 100vw, 1500px\" \/>\t\t\t\t\t\t\t\t\t\t\t\t\t\t\t<\/div>\n\t\t\t\t<\/div>\n\t\t\t\t\t<\/div>\n\t\t<\/div>\n\t\t\t\t\t<\/div>\n\t\t<\/section>\n\t\t\t\t<section class=\"elementor-section elementor-top-section elementor-element elementor-element-21e36dd elementor-section-boxed elementor-section-height-default elementor-section-height-default\" data-id=\"21e36dd\" data-element_type=\"section\" data-settings=\"{&quot;background_background&quot;:&quot;classic&quot;}\">\n\t\t\t\t\t\t\t<div class=\"elementor-background-overlay\"><\/div>\n\t\t\t\t\t\t\t<div class=\"elementor-container elementor-column-gap-no\">\n\t\t\t\t\t<div class=\"elementor-column elementor-col-100 elementor-top-column elementor-element elementor-element-e077393\" data-id=\"e077393\" data-element_type=\"column\">\n\t\t\t<div class=\"elementor-widget-wrap elementor-element-populated\">\n\t\t\t\t\t\t<div class=\"elementor-element elementor-element-e6c6c04 elementor-widget elementor-widget-heading\" data-id=\"e6c6c04\" data-element_type=\"widget\" data-widget_type=\"heading.default\">\n\t\t\t\t<div class=\"elementor-widget-container\">\n\t\t\t\t\t<h2 class=\"elementor-heading-title elementor-size-default\">The story of the farm<\/h2>\t\t\t\t<\/div>\n\t\t\t\t<\/div>\n\t\t\t\t<div class=\"elementor-element elementor-element-558baaa elementor-widget-divider--view-line elementor-widget elementor-widget-divider\" data-id=\"558baaa\" data-element_type=\"widget\" data-widget_type=\"divider.default\">\n\t\t\t\t<div class=\"elementor-widget-container\">\n\t\t\t\t\t\t\t<div class=\"elementor-divider\">\n\t\t\t<span class=\"elementor-divider-separator\">\n\t\t\t\t\t\t<\/span>\n\t\t<\/div>\n\t\t\t\t\t\t<\/div>\n\t\t\t\t<\/div>\n\t\t\t\t<div class=\"elementor-element elementor-element-a2a4b42 elementor-widget elementor-widget-text-editor\" data-id=\"a2a4b42\" data-element_type=\"widget\" data-widget_type=\"text-editor.default\">\n\t\t\t\t<div class=\"elementor-widget-container\">\n\t\t\t\t\t\t\t\t\t<p>Schellerup G\u00e5rd is an old farm built back in 1910. Back then there was nothing but a main building and a barn and 12 ha of farmland. In 1960, an extra building was added and the agricultural land was changed to forest land. In 2005, the farm was bought by the previous owners Anja and Kent, who completely renovated the farm. The main building was given an upper floor, and all the roofing was changed to thatched roof. Here they also created the 3 apartments as we have today. They spent 3 years before the farm was finished, and the farm became their home for 16 years.<\/p><p>We took over the farm in autumn 2021 with the dream of making the farm a fantastic place for us, our children, our local community and not least for you, our guests! We have many plans but continue to run the farm in the same spirit and with respect for history. We still see Anja and Kent regularly, as the purchase contract contains a phrase that they must drink red wine on a monthly basis.<\/p>\t\t\t\t\t\t\t\t<\/div>\n\t\t\t\t<\/div>\n\t\t\t\t\t<\/div>\n\t\t<\/div>\n\t\t\t\t\t<\/div>\n\t\t<\/section>\n\t\t\t\t<section class=\"elementor-section elementor-top-section elementor-element elementor-element-73a1302 elementor-section-height-min-height elementor-section-boxed elementor-section-height-default elementor-section-items-middle\" data-id=\"73a1302\" data-element_type=\"section\" data-settings=\"{&quot;background_background&quot;:&quot;classic&quot;}\">\n\t\t\t\t\t\t\t<div class=\"elementor-background-overlay\"><\/div>\n\t\t\t\t\t\t\t<div class=\"elementor-container elementor-column-gap-no\">\n\t\t\t\t\t<div class=\"elementor-column elementor-col-100 elementor-top-column elementor-element elementor-element-2ce177f\" data-id=\"2ce177f\" data-element_type=\"column\">\n\t\t\t<div class=\"elementor-widget-wrap elementor-element-populated\">\n\t\t\t\t\t\t<div class=\"elementor-element elementor-element-1f97648 elementor-widget elementor-widget-heading\" data-id=\"1f97648\" data-element_type=\"widget\" data-widget_type=\"heading.default\">\n\t\t\t\t<div class=\"elementor-widget-container\">\n\t\t\t\t\t<h1 class=\"elementor-heading-title elementor-size-default\">Schellerup G\u00e5rd<\/h1>\t\t\t\t<\/div>\n\t\t\t\t<\/div>\n\t\t\t\t<div class=\"elementor-element elementor-element-9717bd4 elementor-widget elementor-widget-heading\" data-id=\"9717bd4\" data-element_type=\"widget\" data-widget_type=\"heading.default\">\n\t\t\t\t<div class=\"elementor-widget-container\">\n\t\t\t\t\t<h5 class=\"elementor-heading-title elementor-size-default\"><a href=\"https:\/\/www.google.com\/maps\/place\/\/data=!4m2!3m1!1s0x464bbcf15cc7193f:0xcc7458de149f270d?sa=X&#038;ved=1t:8290&#038;ictx=111\">Gunderupvej 5, 7400 Herning<\/a><\/h5>\t\t\t\t<\/div>\n\t\t\t\t<\/div>\n\t\t\t\t<div class=\"elementor-element elementor-element-a975fa4 elementor-widget elementor-widget-heading\" data-id=\"a975fa4\" data-element_type=\"widget\" data-widget_type=\"heading.default\">\n\t\t\t\t<div class=\"elementor-widget-container\">\n\t\t\t\t\t<p class=\"elementor-heading-title elementor-size-medium\">Call us<\/p>\t\t\t\t<\/div>\n\t\t\t\t<\/div>\n\t\t\t\t<div class=\"elementor-element elementor-element-a9f7f32 elementor-align-center elementor-icon-list--layout-traditional elementor-list-item-link-full_width elementor-widget elementor-widget-icon-list\" data-id=\"a9f7f32\" data-element_type=\"widget\" data-widget_type=\"icon-list.default\">\n\t\t\t\t<div class=\"elementor-widget-container\">\n\t\t\t\t\t\t\t<ul class=\"elementor-icon-list-items\">\n\t\t\t\t\t\t\t<li class=\"elementor-icon-list-item\">\n\t\t\t\t\t\t\t\t\t\t\t<a href=\"tel:+4523838343\">\n\n\t\t\t\t\t\t\t\t\t\t\t<span class=\"elementor-icon-list-text\">+45 23 83 83 43<\/span>\n\t\t\t\t\t\t\t\t\t\t\t<\/a>\n\t\t\t\t\t\t\t\t\t<\/li>\n\t\t\t\t\t\t<\/ul>\n\t\t\t\t\t\t<\/div>\n\t\t\t\t<\/div>\n\t\t\t\t<div class=\"elementor-element elementor-element-2e8fba5 elementor-widget elementor-widget-heading\" data-id=\"2e8fba5\" data-element_type=\"widget\" data-widget_type=\"heading.default\">\n\t\t\t\t<div class=\"elementor-widget-container\">\n\t\t\t\t\t<p class=\"elementor-heading-title elementor-size-medium\">Email<\/p>\t\t\t\t<\/div>\n\t\t\t\t<\/div>\n\t\t\t\t<div class=\"elementor-element elementor-element-e04d54c elementor-align-center elementor-icon-list--layout-traditional elementor-list-item-link-full_width elementor-widget elementor-widget-icon-list\" data-id=\"e04d54c\" data-element_type=\"widget\" data-widget_type=\"icon-list.default\">\n\t\t\t\t<div class=\"elementor-widget-container\">\n\t\t\t\t\t\t\t<ul class=\"elementor-icon-list-items\">\n\t\t\t\t\t\t\t<li class=\"elementor-icon-list-item\">\n\t\t\t\t\t\t\t\t\t\t\t<a href=\"mailto:info@schellerupgaard.dk\">\n\n\t\t\t\t\t\t\t\t\t\t\t\t<span class=\"elementor-icon-list-icon\">\n\t\t\t\t\t\t\t<i aria-hidden=\"true\" class=\"far fa-envelope\"><\/i>\t\t\t\t\t\t<\/span>\n\t\t\t\t\t\t\t\t\t\t<span class=\"elementor-icon-list-text\">info@schellerupgaard.dk<\/span>\n\t\t\t\t\t\t\t\t\t\t\t<\/a>\n\t\t\t\t\t\t\t\t\t<\/li>\n\t\t\t\t\t\t<\/ul>\n\t\t\t\t\t\t<\/div>\n\t\t\t\t<\/div>\n\t\t\t\t\t<\/div>\n\t\t<\/div>\n\t\t\t\t\t<\/div>\n\t\t<\/section>\n\t\t\t\t<\/div>","protected":false},"excerpt":{"rendered":"<p>Om os Familien Schellerup G\u00e5rden fik sit navn, da vi flyttede til g\u00e5rden. \u201dSchellerup\u201d er Charlottes mormors gamle pige-efternavn. Hun blev f\u00f8dt i Thisted i 1925, og hun var meget elsket. Derfor har b\u00e5de vi og g\u00e5rden taget navn efter hende. Vi er et ungt par i midt 30\u2019erne med to sm\u00e5 prinsesser. Vi m\u00f8dte [&hellip;]<\/p>","protected":false},"author":1,"featured_media":0,"parent":0,"menu_order":0,"comment_status":"closed","ping_status":"closed","template":"","meta":{"content-type":"","_monsterinsights_skip_tracking":false,"_monsterinsights_sitenote_active":false,"_monsterinsights_sitenote_note":"","_monsterinsights_sitenote_category":0,"site-sidebar-layout":"no-sidebar","site-content-layout":"page-builder","ast-site-content-layout":"","site-content-style":"default","site-sidebar-style":"default","ast-global-header-display":"","ast-banner-title-visibility":"","ast-main-header-display":"","ast-hfb-above-header-display":"","ast-hfb-below-header-display":"","ast-hfb-mobile-header-display":"","site-post-title":"disabled","ast-breadcrumbs-content":"","ast-featured-img":"disabled","footer-sml-layout":"","theme-transparent-header-meta":"enabled","adv-header-id-meta":"","stick-header-meta":"","header-above-stick-meta":"","header-main-stick-meta":"","header-below-stick-meta":"","astra-migrate-meta-layouts":"default","ast-page-background-enabled":"default","ast-page-background-meta":{"desktop":{"background-color":"","background-image":"","background-repeat":"repeat","background-position":"center center","background-size":"auto","background-attachment":"scroll","background-type":"","background-media":"","overlay-type":"","overlay-color":"","overlay-opacity":"","overlay-gradient":""},"tablet":{"background-color":"","background-image":"","background-repeat":"repeat","background-position":"center center","background-size":"auto","background-attachment":"scroll","background-type":"","background-media":"","overlay-type":"","overlay-color":"","overlay-opacity":"","overlay-gradient":""},"mobile":{"background-color":"","background-image":"","background-repeat":"repeat","background-position":"center center","background-size":"auto","background-attachment":"scroll","background-type":"","background-media":"","overlay-type":"","overlay-color":"","overlay-opacity":"","overlay-gradient":""}},"ast-content-background-meta":{"desktop":{"background-color":"var(--ast-global-color-5)","background-image":"","background-repeat":"repeat","background-position":"center center","background-size":"auto","background-attachment":"scroll","background-type":"","background-media":"","overlay-type":"","overlay-color":"","overlay-opacity":"","overlay-gradient":""},"tablet":{"background-color":"var(--ast-global-color-5)","background-image":"","background-repeat":"repeat","background-position":"center center","background-size":"auto","background-attachment":"scroll","background-type":"","background-media":"","overlay-type":"","overlay-color":"","overlay-opacity":"","overlay-gradient":""},"mobile":{"background-color":"var(--ast-global-color-5)","background-image":"","background-repeat":"repeat","background-position":"center center","background-size":"auto","background-attachment":"scroll","background-type":"","background-media":"","overlay-type":"","overlay-color":"","overlay-opacity":"","overlay-gradient":""}},"footnotes":""},"class_list":["post-1538","page","type-page","status-publish","hentry"],"aioseo_notices":[],"_links":{"self":[{"href":"https:\/\/schellerupgaard.dk\/en\/wp-json\/wp\/v2\/pages\/1538","targetHints":{"allow":["GET"]}}],"collection":[{"href":"https:\/\/schellerupgaard.dk\/en\/wp-json\/wp\/v2\/pages"}],"about":[{"href":"https:\/\/schellerupgaard.dk\/en\/wp-json\/wp\/v2\/types\/page"}],"author":[{"embeddable":true,"href":"https:\/\/schellerupgaard.dk\/en\/wp-json\/wp\/v2\/users\/1"}],"replies":[{"embeddable":true,"href":"https:\/\/schellerupgaard.dk\/en\/wp-json\/wp\/v2\/comments?post=1538"}],"version-history":[{"count":60,"href":"https:\/\/schellerupgaard.dk\/en\/wp-json\/wp\/v2\/pages\/1538\/revisions"}],"predecessor-version":[{"id":4052,"href":"https:\/\/schellerupgaard.dk\/en\/wp-json\/wp\/v2\/pages\/1538\/revisions\/4052"}],"wp:attachment":[{"href":"https:\/\/schellerupgaard.dk\/en\/wp-json\/wp\/v2\/media?parent=1538"}],"curies":[{"name":"wp","href":"https:\/\/api.w.org\/{rel}","templated":true}]}}